{"id":622,"date":"2025-11-13T15:44:12","date_gmt":"2025-11-13T20:44:12","guid":{"rendered":"https:\/\/test.inlevel.co\/?page_id=622"},"modified":"2025-11-13T16:37:10","modified_gmt":"2025-11-13T21:37:10","slug":"faq","status":"publish","type":"page","link":"https:\/\/test.inlevel.co\/en\/faq\/","title":{"rendered":"FAQ"},"content":{"rendered":"<div data-elementor-type=\"wp-page\" data-elementor-id=\"622\" class=\"elementor elementor-622\" data-elementor-post-type=\"page\">\n\t\t\t\t<div data-particle_enable=\"false\" data-particle-mobile-disabled=\"false\" class=\"elementor-element elementor-element-268e44c2 e-flex e-con-boxed e-con e-parent\" data-id=\"268e44c2\" data-element_type=\"container\">\n\t\t\t\t\t<div class=\"e-con-inner\">\n\t\t\t\t<div class=\"elementor-element elementor-element-353ba5eb elementor-widget elementor-widget-text-editor\" data-id=\"353ba5eb\" data-element_type=\"widget\" data-widget_type=\"text-editor.default\">\n\t\t\t\t\t\t\t\t\t\t\t\t\t\t\t\t\t<\/div>\n\t\t\t\t\t<\/div>\n\t\t\t\t<\/div>\n\t\t<div data-particle_enable=\"false\" data-particle-mobile-disabled=\"false\" class=\"elementor-element elementor-element-0c9e69a e-flex e-con-boxed e-con e-parent\" data-id=\"0c9e69a\" data-element_type=\"container\" data-settings=\"{&quot;background_background&quot;:&quot;classic&quot;}\">\n\t\t\t\t\t<div class=\"e-con-inner\">\n\t\t\t\t<div class=\"elementor-element elementor-element-b7c7512 elementor-widget elementor-widget-eael-breadcrumbs\" data-id=\"b7c7512\" data-element_type=\"widget\" data-widget_type=\"eael-breadcrumbs.default\">\n\t\t\t\t<div class=\"elementor-widget-container\">\n\t\t\t\t\t\t\t<div class=\"eael-breadcrumbs\">\n\t\t\t<div class=\"eael-breadcrumbs__content\"><a href=\"https:\/\/test.inlevel.co\/en\">Home<\/a> <span class=\"eael-breadcrumb-separator\">\/<\/span> <span class = \"eael-current\">Page<\/span><\/div>\t\t<\/div>\n\t\t\t\t\t\t<\/div>\n\t\t\t\t<\/div>\n\t\t\t\t<div class=\"elementor-element elementor-element-ae693ff elementor-widget elementor-widget-heading\" data-id=\"ae693ff\" data-element_type=\"widget\" data-widget_type=\"heading.default\">\n\t\t\t\t\t<h2 class=\"elementor-heading-title elementor-size-default\">Preguntas y respuestas frecuentes de InLevel<\/h2>\t\t\t\t<\/div>\n\t\t\t\t\t<\/div>\n\t\t\t\t<\/div>\n\t\t\t\t<\/div>","protected":false},"excerpt":{"rendered":"<p>Home \/ P\u00e1gina Preguntas y respuestas frecuentes de InLevel Acerca de InlevelRelacionado con nuestras obrasAcerca de DCG ConstructoresAcerca de las negociaciones y compras de unidades inmobiliariasAcerca de Inlevel \u00bfPor qu\u00e9 confiar en InLevel? Confiar en InLevel es elegir una desarrolladora respaldada por una holding empresarial s\u00f3lida, donde dise\u00f1o, ingenier\u00eda, construcci\u00f3n, tecnolog\u00eda y gerencia de proyectos [&#8230;]","protected":false},"author":1,"featured_media":0,"parent":0,"menu_order":0,"comment_status":"closed","ping_status":"closed","template":"","meta":{"footnotes":""},"class_list":["post-622","page","type-page","status-publish","hentry"],"yoast_head":"<!-- This site is optimized with the Yoast SEO plugin v26.3 - https:\/\/yoast.com\/wordpress\/plugins\/seo\/ -->\n<title>FAQ - InLevel | Desarrolladora inmobiliaria<\/title>\n<meta name=\"robots\" content=\"index, follow, max-snippet:-1, max-image-preview:large, max-video-preview:-1\" \/>\n<link rel=\"canonical\" href=\"https:\/\/test.inlevel.co\/en\/faq\/\" \/>\n<meta property=\"og:locale\" content=\"en_US\" \/>\n<meta property=\"og:type\" content=\"article\" \/>\n<meta property=\"og:title\" content=\"FAQ - InLevel | Desarrolladora inmobiliaria\" \/>\n<meta property=\"og:description\" content=\"Home \/ P\u00e1gina Preguntas y respuestas frecuentes de InLevel Acerca de InlevelRelacionado con nuestras obrasAcerca de DCG ConstructoresAcerca de las negociaciones y compras de unidades inmobiliariasAcerca de Inlevel \u00bfPor qu\u00e9 confiar en InLevel? Confiar en InLevel es elegir una desarrolladora respaldada por una holding empresarial s\u00f3lida, donde dise\u00f1o, ingenier\u00eda, construcci\u00f3n, tecnolog\u00eda y gerencia de proyectos [...]\" \/>\n<meta property=\"og:url\" content=\"https:\/\/test.inlevel.co\/en\/faq\/\" \/>\n<meta property=\"og:site_name\" content=\"InLevel | Desarrolladora inmobiliaria\" \/>\n<meta property=\"article:modified_time\" content=\"2025-11-13T21:37:10+00:00\" \/>\n<meta name=\"twitter:card\" content=\"summary_large_image\" \/>\n<meta name=\"twitter:label1\" content=\"Est. reading time\" \/>\n\t<meta name=\"twitter:data1\" content=\"1 minute\" \/>\n<script type=\"application\/ld+json\" class=\"yoast-schema-graph\">{\"@context\":\"https:\/\/schema.org\",\"@graph\":[{\"@type\":\"WebPage\",\"@id\":\"https:\/\/test.inlevel.co\/faq\/\",\"url\":\"https:\/\/test.inlevel.co\/faq\/\",\"name\":\"FAQ - InLevel | Desarrolladora inmobiliaria\",\"isPartOf\":{\"@id\":\"https:\/\/test.inlevel.co\/#website\"},\"datePublished\":\"2025-11-13T20:44:12+00:00\",\"dateModified\":\"2025-11-13T21:37:10+00:00\",\"breadcrumb\":{\"@id\":\"https:\/\/test.inlevel.co\/faq\/#breadcrumb\"},\"inLanguage\":\"en-US\",\"potentialAction\":[{\"@type\":\"ReadAction\",\"target\":[\"https:\/\/test.inlevel.co\/faq\/\"]}]},{\"@type\":\"BreadcrumbList\",\"@id\":\"https:\/\/test.inlevel.co\/faq\/#breadcrumb\",\"itemListElement\":[{\"@type\":\"ListItem\",\"position\":1,\"name\":\"Inicio\",\"item\":\"https:\/\/test.inlevel.co\/\"},{\"@type\":\"ListItem\",\"position\":2,\"name\":\"FAQ\"}]},{\"@type\":\"WebSite\",\"@id\":\"https:\/\/test.inlevel.co\/#website\",\"url\":\"https:\/\/test.inlevel.co\/\",\"name\":\"InLevel | Desarrolladora inmobiliaria\",\"description\":\"\",\"publisher\":{\"@id\":\"https:\/\/test.inlevel.co\/#organization\"},\"potentialAction\":[{\"@type\":\"SearchAction\",\"target\":{\"@type\":\"EntryPoint\",\"urlTemplate\":\"https:\/\/test.inlevel.co\/?s={search_term_string}\"},\"query-input\":{\"@type\":\"PropertyValueSpecification\",\"valueRequired\":true,\"valueName\":\"search_term_string\"}}],\"inLanguage\":\"en-US\"},{\"@type\":\"Organization\",\"@id\":\"https:\/\/test.inlevel.co\/#organization\",\"name\":\"InLevel | Desarrolladora inmobiliaria\",\"url\":\"https:\/\/test.inlevel.co\/\",\"logo\":{\"@type\":\"ImageObject\",\"inLanguage\":\"en-US\",\"@id\":\"https:\/\/test.inlevel.co\/#\/schema\/logo\/image\/\",\"url\":\"https:\/\/test.inlevel.co\/wp-content\/uploads\/2025\/11\/logo-inlevel_black-2.png\",\"contentUrl\":\"https:\/\/test.inlevel.co\/wp-content\/uploads\/2025\/11\/logo-inlevel_black-2.png\",\"width\":1000,\"height\":188,\"caption\":\"InLevel | Desarrolladora inmobiliaria\"},\"image\":{\"@id\":\"https:\/\/test.inlevel.co\/#\/schema\/logo\/image\/\"}}]}<\/script>\n<!-- \/ Yoast SEO plugin. -->","yoast_head_json":{"title":"FAQ - InLevel | Desarrolladora inmobiliaria","robots":{"index":"index","follow":"follow","max-snippet":"max-snippet:-1","max-image-preview":"max-image-preview:large","max-video-preview":"max-video-preview:-1"},"canonical":"https:\/\/test.inlevel.co\/en\/faq\/","og_locale":"en_US","og_type":"article","og_title":"FAQ - InLevel | Desarrolladora inmobiliaria","og_description":"Home \/ P\u00e1gina Preguntas y respuestas frecuentes de InLevel Acerca de InlevelRelacionado con nuestras obrasAcerca de DCG ConstructoresAcerca de las negociaciones y compras de unidades inmobiliariasAcerca de Inlevel \u00bfPor qu\u00e9 confiar en InLevel? Confiar en InLevel es elegir una desarrolladora respaldada por una holding empresarial s\u00f3lida, donde dise\u00f1o, ingenier\u00eda, construcci\u00f3n, tecnolog\u00eda y gerencia de proyectos [...]","og_url":"https:\/\/test.inlevel.co\/en\/faq\/","og_site_name":"InLevel | Desarrolladora inmobiliaria","article_modified_time":"2025-11-13T21:37:10+00:00","twitter_card":"summary_large_image","twitter_misc":{"Est. reading time":"1 minute"},"schema":{"@context":"https:\/\/schema.org","@graph":[{"@type":"WebPage","@id":"https:\/\/test.inlevel.co\/faq\/","url":"https:\/\/test.inlevel.co\/faq\/","name":"FAQ - InLevel | Desarrolladora inmobiliaria","isPartOf":{"@id":"https:\/\/test.inlevel.co\/#website"},"datePublished":"2025-11-13T20:44:12+00:00","dateModified":"2025-11-13T21:37:10+00:00","breadcrumb":{"@id":"https:\/\/test.inlevel.co\/faq\/#breadcrumb"},"inLanguage":"en-US","potentialAction":[{"@type":"ReadAction","target":["https:\/\/test.inlevel.co\/faq\/"]}]},{"@type":"BreadcrumbList","@id":"https:\/\/test.inlevel.co\/faq\/#breadcrumb","itemListElement":[{"@type":"ListItem","position":1,"name":"Inicio","item":"https:\/\/test.inlevel.co\/"},{"@type":"ListItem","position":2,"name":"FAQ"}]},{"@type":"WebSite","@id":"https:\/\/test.inlevel.co\/#website","url":"https:\/\/test.inlevel.co\/","name":"InLevel | Desarrolladora inmobiliaria","description":"","publisher":{"@id":"https:\/\/test.inlevel.co\/#organization"},"potentialAction":[{"@type":"SearchAction","target":{"@type":"EntryPoint","urlTemplate":"https:\/\/test.inlevel.co\/?s={search_term_string}"},"query-input":{"@type":"PropertyValueSpecification","valueRequired":true,"valueName":"search_term_string"}}],"inLanguage":"en-US"},{"@type":"Organization","@id":"https:\/\/test.inlevel.co\/#organization","name":"InLevel | Desarrolladora inmobiliaria","url":"https:\/\/test.inlevel.co\/","logo":{"@type":"ImageObject","inLanguage":"en-US","@id":"https:\/\/test.inlevel.co\/#\/schema\/logo\/image\/","url":"https:\/\/test.inlevel.co\/wp-content\/uploads\/2025\/11\/logo-inlevel_black-2.png","contentUrl":"https:\/\/test.inlevel.co\/wp-content\/uploads\/2025\/11\/logo-inlevel_black-2.png","width":1000,"height":188,"caption":"InLevel | Desarrolladora inmobiliaria"},"image":{"@id":"https:\/\/test.inlevel.co\/#\/schema\/logo\/image\/"}}]}},"_links":{"self":[{"href":"https:\/\/test.inlevel.co\/en\/wp-json\/wp\/v2\/pages\/622","targetHints":{"allow":["GET"]}}],"collection":[{"href":"https:\/\/test.inlevel.co\/en\/wp-json\/wp\/v2\/pages"}],"about":[{"href":"https:\/\/test.inlevel.co\/en\/wp-json\/wp\/v2\/types\/page"}],"author":[{"embeddable":true,"href":"https:\/\/test.inlevel.co\/en\/wp-json\/wp\/v2\/users\/1"}],"replies":[{"embeddable":true,"href":"https:\/\/test.inlevel.co\/en\/wp-json\/wp\/v2\/comments?post=622"}],"version-history":[{"count":10,"href":"https:\/\/test.inlevel.co\/en\/wp-json\/wp\/v2\/pages\/622\/revisions"}],"predecessor-version":[{"id":674,"href":"https:\/\/test.inlevel.co\/en\/wp-json\/wp\/v2\/pages\/622\/revisions\/674"}],"wp:attachment":[{"href":"https:\/\/test.inlevel.co\/en\/wp-json\/wp\/v2\/media?parent=622"}],"curies":[{"name":"wp","href":"https:\/\/api.w.org\/{rel}","templated":true}]}}